{"id":19,"date":"2015-12-23T22:55:41","date_gmt":"2015-12-23T21:55:41","guid":{"rendered":"http:\/\/www.jackscorner.de\/dev\/SV-Miesbach\/?page_id=19"},"modified":"2026-03-01T20:14:36","modified_gmt":"2026-03-01T19:14:36","slug":"kegeln","status":"publish","type":"page","link":"https:\/\/www.sv-miesbach.de\/?page_id=19","title":{"rendered":"Kegeln"},"content":{"rendered":"<div  class='flex_column av-71a83-8601235e4199882b8a71c924520ee489 av_one_full  avia-builder-el-0  el_before_av_two_third  avia-builder-el-first  first flex_column_div  '     ><p>\n<style type=\"text\/css\" data-created_by=\"avia_inline_auto\" id=\"style-css-av-643e7-0705a12ced12f772da6908aa2c8f0c4a\">\n#top .av-special-heading.av-643e7-0705a12ced12f772da6908aa2c8f0c4a{\npadding-bottom:10px;\n}\nbody .av-special-heading.av-643e7-0705a12ced12f772da6908aa2c8f0c4a .av-special-heading-tag .heading-char{\nfont-size:25px;\n}\n.av-special-heading.av-643e7-0705a12ced12f772da6908aa2c8f0c4a .av-subheading{\nfont-size:15px;\n}\n<\/style>\n<div  class='av-special-heading av-643e7-0705a12ced12f772da6908aa2c8f0c4a av-special-heading-h3 blockquote modern-quote  avia-builder-el-1  el_before_av_textblock  avia-builder-el-first '><h3 class='av-special-heading-tag'  itemprop=\"headline\"  >Kegeln<\/h3><div class=\"special-heading-border\"><div class=\"special-heading-inner-border\"><\/div><\/div><\/div><br \/>\n<section  class='av_textblock_section av-5qc97-a43635e20c362c518aee6f0b0903566c '   itemscope=\"itemscope\" itemtype=\"https:\/\/schema.org\/CreativeWork\" ><div class='avia_textblock'  itemprop=\"text\" ><p><strong>Willkommen in der Abteilung Kegeln<\/strong><\/p>\n<\/div><\/section><br \/>\n<section  class='av_textblock_section av-mhj654kb-999385e0163a1b14e95007ba14e4f8d0 '   itemscope=\"itemscope\" itemtype=\"https:\/\/schema.org\/CreativeWork\" ><div class='avia_textblock'  itemprop=\"text\" ><p>01.03.2026<\/p>\n<p>Den letzten Kampf der Saison 2025\/26 absolvierten die Miesbacher mit\u00a0 m\u00e4\u00dfigen, aber ausgeglichenen Ergebnissen in Winh\u00f6ring. Helga M\u00fchlstein erzielte 470 Holz, Marianne Samen 452 und Rainer Mair 441 Holz. Das Spiel endete mit einem Ergebnis von 5:1 Punkten und 1830:1740 Holz f\u00fcr<br \/>\nWinh\u00f6ring. Damit steht Miesbach an 2. Stelle der Tabelle.<\/p>\n<p>In der Schnittliste aller 26 Spielerinnen und Spieler des Kreises Chiemgau belegen somit die Miesbacher Kegler den 1. Platz mit Sigrid Pangerl mit einem Saisondurchschnitt von fast 505 Holz , Rainer Mair mit 484 Holz den 3. Platz und Helga M\u00fchlstein mit 480 Holz den 5. Platz.<\/p>\n<p>Die Kegler gehen nun in die Sommerpause und melden sich wieder im September mit hoffentlich weiterhin guten Ergebnissen.<\/p>\n<p>07.02.2026<\/p>\n<p>Die Miesbacher Kegler waren beim Tabellenersten in Neu\u00f6tting zu Gast und mussten eine Niederlage einstecken, obwohl Helga M\u00fchlstein mit einem Ergebnis von 499 Holz Mannschafts- und Tagesbeste war.<br \/>\nDas Ergebnis: 1851:1778 Holz und 1:5 Punkten.<\/p>\n<p>01.02.2026<\/p>\n<p>Die Miesbacher Kegler hatten die Mannschaft aus Mehring-Burghausen zu Gast und gewannen das Spiel mit einem knappen Unterschied von 14 Holz.<br \/>\nErgebnis: 1736:1722 Holz und 4:2 Punkten. Bester Einzelkegler und somit Tages- und Mannschaftsbester war Rainer Mair mit einem Ergebnis von 492 Holz.<\/p>\n<p>24.01.2026<\/p>\n<p>Die Miesbacher hatten die Mannschaft aus T\u00f6ging Erharting zu Gast und konnten die Partie f\u00fcr sich entscheiden. Der Kampf endete mit 1813:1741 Holz und 4:2 Punkten.<br \/>\nMannschafts- und Tagesbeste war wieder einmal Sigrid Pangerl mit einem Ergebnis vom 481 Holz, gefolgt von Rainer Mair mit 477 Holz.<\/p>\n<p>18.01.2026<\/p>\n<p>Bei den Miesbacher Keglern hat die R\u00fcckrunde angefangen und die Mannschaft durfte nach Kolbermoor fahren.<br \/>\nDer Kampf endete mit einem Ergebnis von 5:1 Punkten und 1823:1717 Holz f\u00fcr Miesbach, obwohl die Miesbacher Mannschaft nur mittelm\u00e4\u00dfige Ergebnisse aufwarten konnte mit Ausnahme von Sigrid Pangerl, die sich<br \/>\n\u00fcber ein Ergebnis von 508 Holz freuen durfte und somit Mannschafts- und zugleich Tagesbeste war.<br \/>\nDer n\u00e4chste Wettkampf findet am 24.01. um 14 Uhr in Miesbach statt.<\/p>\n<p>8.11.25<\/p>\n<p>Der letzte Wettkampf in der Vorrunde war f\u00fcr die Miesbacher Kegler, die die Mannschaft aus Winh\u00f6rung zu Gast hatten, erfolgreich. Sie gewannen das Spiel souver\u00e4n mit 5:1 Punkten und 1893:1700 Holz. Beste Einzelkeglerin und zugleich Tagesbeste war Sigrid Pangerl mit einem<br \/>\nErgebnis von 505 Holz, gefolgt von Helga M\u00fchlstein mit 491 Holz und Rainer Mair mit 479 Holz.<br \/>\nSomit stehen die Miesbacher zum Ende der Vorrunde auf dem 1. Platz der Tabelle.<\/p>\n<p>Am Samstag, den 10.01.2026 geht`s dann mit der R\u00fcckrunde in Miesbach gegen die Mannschaft aus T\u00f6ging weiter.<\/p>\n<p>18.10.25<\/p>\n<p>Den Wettkampf gegen die G\u00e4ste aus Neu\u00f6tting gewannen die Miesbacher Kegler mit Abstand mit einem Ergebnis von 5:1 Punkten und 1905:1812 Holz. Beste Einzelkeglerin und zugleich auch Tagesbeste war Sigrid Pangerl mit einem Ergebnis von 507 Holz, Helga M\u00fchlstein erzielte 481<br \/>\nHolz und Rainer Mair\u00a0 477 Holz.<\/p>\n<p>4.10.25<\/p>\n<p>Die Miesbacher Kegler waren in Burghausen zu Gast und konnten mit guter Laune heimfahren, denn das Spiel wurde mit 5:1 Punkten und 1939:1830 Holz gewonnen, dank der guten Ergebnisse von Rainer Mair als Mannschafts- und Tagesbester mit 524 Holz, Sigrid Pangerl mit 519 Holz<br \/>\nund Helga M\u00fchlstein mit 498 Holz.<\/p>\n<p>27.09.25<\/p>\n<p>Der Heimkampf gegen die Mannschaft aus Kolbermoor-Schechen verlief diesmal f\u00fcr die Miesbacher sehr erfolgreich. Bei einer geschlossenen Mannschaftsleistung erzielten Sigrid Pangerl als Mannschafts- und Tagesbeste ein Ergebnis von 509 Holz, gefolgt von Helga M\u00fchlstein mit 490 Holz und Rainer Mair mit 488 Holz und gewannen den Kampf mit 5:1 Punkten und 1895:1695 Holz.<\/p>\n<p>20.09.25<\/p>\n<p>Die Kegelsaison hat wieder begonnen. Die Miesbacher Kegler bestrittenden 1. Wettkampf in T\u00f6ging. Das Spiel war von\u00a0 Anfang an sehr spannend, da es immer hin und her ging, mal waren die Gastgeber vorne, mal die Miesbacher. Die Entscheidung fiel erst im letzten Durchgang. Die<br \/>\nGastgeber gewannen mit 5:1 Punkten und 2017:1989 Holz. Mit Abstand bester Einzelkegler und zugleich Tagesbester war Rainer Mair mit einem Superergebnis von 544 Holz.<\/p>\n<\/div><\/section><\/p><\/div><div  class='flex_column av-y4bz-ba7c6b2cec38ac44f2b8eddd1ca2930e av_two_third  avia-builder-el-4  el_after_av_one_full  avia-builder-el-last  first flex_column_div  column-top-margin'     ><style type=\"text\/css\" data-created_by=\"avia_inline_auto\" id=\"style-css-av-mhs7e34g-257b5a50b131db3a181d81ac69a6f4f9\">\n.avia-image-container.av-mhs7e34g-257b5a50b131db3a181d81ac69a6f4f9 img.avia_image{\nbox-shadow:none;\n}\n.avia-image-container.av-mhs7e34g-257b5a50b131db3a181d81ac69a6f4f9 .av-image-caption-overlay-center{\ncolor:#ffffff;\n}\n<\/style>\n<div  class='avia-image-container av-mhs7e34g-257b5a50b131db3a181d81ac69a6f4f9 av-styling- avia-align-center  avia-builder-el-5  avia-builder-el-no-sibling '   itemprop=\"image\" itemscope=\"itemscope\" itemtype=\"https:\/\/schema.org\/ImageObject\" ><div class=\"avia-image-container-inner\"><div class=\"avia-image-overlay-wrap\"><img class='wp-image-41987 avia-img-lazy-loading-not-41987 avia_image ' src='https:\/\/www.sv-miesbach.de\/wp-content\/uploads\/2025\/11\/IMG-20250404-WA0002-300x225.jpg' alt='' title='IMG-20250404-WA0002'  height=\"225\" width=\"300\"  itemprop=\"thumbnailUrl\"  \/><\/div><\/div><\/div><\/div><\/p>\n","protected":false},"excerpt":{"rendered":"","protected":false},"author":1,"featured_media":0,"parent":0,"menu_order":0,"comment_status":"closed","ping_status":"closed","template":"","meta":{"footnotes":""},"class_list":["post-19","page","type-page","status-publish","hentry"],"_links":{"self":[{"href":"https:\/\/www.sv-miesbach.de\/index.php?rest_route=\/wp\/v2\/pages\/19","targetHints":{"allow":["GET"]}}],"collection":[{"href":"https:\/\/www.sv-miesbach.de\/index.php?rest_route=\/wp\/v2\/pages"}],"about":[{"href":"https:\/\/www.sv-miesbach.de\/index.php?rest_route=\/wp\/v2\/types\/page"}],"author":[{"embeddable":true,"href":"https:\/\/www.sv-miesbach.de\/index.php?rest_route=\/wp\/v2\/users\/1"}],"replies":[{"embeddable":true,"href":"https:\/\/www.sv-miesbach.de\/index.php?rest_route=%2Fwp%2Fv2%2Fcomments&post=19"}],"version-history":[{"count":47,"href":"https:\/\/www.sv-miesbach.de\/index.php?rest_route=\/wp\/v2\/pages\/19\/revisions"}],"predecessor-version":[{"id":42013,"href":"https:\/\/www.sv-miesbach.de\/index.php?rest_route=\/wp\/v2\/pages\/19\/revisions\/42013"}],"wp:attachment":[{"href":"https:\/\/www.sv-miesbach.de\/index.php?rest_route=%2Fwp%2Fv2%2Fmedia&parent=19"}],"curies":[{"name":"wp","href":"https:\/\/api.w.org\/{rel}","templated":true}]}}